{"id":355,"date":"2019-09-28T06:27:18","date_gmt":"2019-09-28T03:27:18","guid":{"rendered":"https:\/\/www.prodesigns.com\/wordpress-themes\/demo\/business-kit-pro\/?page_id=18"},"modified":"2019-11-26T08:44:53","modified_gmt":"2019-11-26T06:44:53","slug":"contact-us","status":"publish","type":"page","link":"https:\/\/www.optimalgrouptr.com\/industry\/contact-us\/","title":{"rendered":"Contact Us"},"content":{"rendered":"<p><strong>Company Name:<\/strong> Optimal Mad. ve Oto. D\u0131\u015f. Ltd. Sti.<br \/>\n<strong>Registration Number:<\/strong> 680148<br \/>\n<strong>Tax Number:<\/strong> 6440359428<br \/>\n<strong>Year founded:<\/strong> 2008<br \/>\n<strong>Adress:<\/strong> Asmal\u0131 mescit mah. \u0130stiklal Cad. Sofyal\u0131 sok. No: 20\/12 Beyo\u011flu , Istanbul Turkey 34680<br \/>\n<strong>Phone:\u00a0<\/strong>+90 216 519 3100,\u00a0+90 212 251 1932<\/p>\n","protected":false},"excerpt":{"rendered":"<p>Company Name: Optimal Mad. ve Oto. D\u0131\u015f. Ltd. Sti. Registration Number: 680148 Tax Number: 6440359428 Year founded: 2008 Adress: Asmal\u0131 mescit mah. \u0130stiklal Cad. Sofyal\u0131 sok. No: 20\/12 Beyo\u011flu , Istanbul Turkey 34680 Phone:\u00a0+90 216 519 3100,\u00a0+90 212 251 1932<\/p>\n","protected":false},"author":1,"featured_media":0,"parent":0,"menu_order":0,"comment_status":"closed","ping_status":"closed","template":"","meta":{"footnotes":""},"_links":{"self":[{"href":"https:\/\/www.optimalgrouptr.com\/industry\/wp-json\/wp\/v2\/pages\/355"}],"collection":[{"href":"https:\/\/www.optimalgrouptr.com\/industry\/wp-json\/wp\/v2\/pages"}],"about":[{"href":"https:\/\/www.optimalgrouptr.com\/industry\/wp-json\/wp\/v2\/types\/page"}],"author":[{"embeddable":true,"href":"https:\/\/www.optimalgrouptr.com\/industry\/wp-json\/wp\/v2\/users\/1"}],"replies":[{"embeddable":true,"href":"https:\/\/www.optimalgrouptr.com\/industry\/wp-json\/wp\/v2\/comments?post=355"}],"version-history":[{"count":3,"href":"https:\/\/www.optimalgrouptr.com\/industry\/wp-json\/wp\/v2\/pages\/355\/revisions"}],"predecessor-version":[{"id":478,"href":"https:\/\/www.optimalgrouptr.com\/industry\/wp-json\/wp\/v2\/pages\/355\/revisions\/478"}],"wp:attachment":[{"href":"https:\/\/www.optimalgrouptr.com\/industry\/wp-json\/wp\/v2\/media?parent=355"}],"curies":[{"name":"wp","href":"https:\/\/api.w.org\/{rel}","templated":true}]}}